{"id":6223,"date":"2025-09-29T21:55:10","date_gmt":"2025-09-29T21:55:10","guid":{"rendered":"https:\/\/thevorsia.com\/tr\/?post_type=product&#038;p=6223"},"modified":"2025-10-03T15:45:56","modified_gmt":"2025-10-03T15:45:56","slug":"ottoman-legacy","status":"publish","type":"product","link":"https:\/\/thevorsia.com\/tr\/product\/ottoman-legacy\/","title":{"rendered":"Ottoman Legacy"},"content":{"rendered":"<p>Bu tasar\u0131m, yaln\u0131zca tek bir adet \u00fcretilmek \u00fczere haz\u0131rlanm\u0131\u015f olup, sipari\u015f sahibinin tercih etti\u011fi bedene \u00f6zel olarak i\u015flenecektir. 3 iplik premium kuma\u015f \u00fczerine in\u015fa edilen bu e\u015fsiz par\u00e7a; Fatih Sultan Mehmed\u2019in babas\u0131, Osmanl\u0131 padi\u015fah\u0131 II. Murad\u2019\u0131n devletin en \u00f6nemli misafirlerini kar\u015f\u0131larken giydi\u011fi kaftandan ilham al\u0131narak tasarlanm\u0131\u015ft\u0131r. Modern \u00e7izgilerle yeniden yorumlanan bu eser, tarihsel ihti\u015fam\u0131 g\u00fcn\u00fcm\u00fcz zarafetiyle bulu\u015fturmaktad\u0131r.<\/p>\n","protected":false},"excerpt":{"rendered":"<p>%100 Pamuk, <\/p>\n","protected":false},"featured_media":6229,"template":"","meta":[],"product_brand":[],"product_cat":[47],"product_tag":[],"class_list":{"0":"post-6223","1":"product","2":"type-product","3":"status-publish","4":"has-post-thumbnail","6":"product_cat-only-one","8":"first","9":"instock","10":"shipping-taxable","11":"purchasable","12":"product-type-variable"},"aioseo_notices":[],"_links":{"self":[{"href":"https:\/\/thevorsia.com\/tr\/wp-json\/wp\/v2\/product\/6223","targetHints":{"allow":["GET"]}}],"collection":[{"href":"https:\/\/thevorsia.com\/tr\/wp-json\/wp\/v2\/product"}],"about":[{"href":"https:\/\/thevorsia.com\/tr\/wp-json\/wp\/v2\/types\/product"}],"wp:featuredmedia":[{"embeddable":true,"href":"https:\/\/thevorsia.com\/tr\/wp-json\/wp\/v2\/media\/6229"}],"wp:attachment":[{"href":"https:\/\/thevorsia.com\/tr\/wp-json\/wp\/v2\/media?parent=6223"}],"wp:term":[{"taxonomy":"product_brand","embeddable":true,"href":"https:\/\/thevorsia.com\/tr\/wp-json\/wp\/v2\/product_brand?post=6223"},{"taxonomy":"product_cat","embeddable":true,"href":"https:\/\/thevorsia.com\/tr\/wp-json\/wp\/v2\/product_cat?post=6223"},{"taxonomy":"product_tag","embeddable":true,"href":"https:\/\/thevorsia.com\/tr\/wp-json\/wp\/v2\/product_tag?post=6223"}],"curies":[{"name":"wp","href":"https:\/\/api.w.org\/{rel}","templated":true}]}}